{"id":796,"date":"2021-01-04T02:42:42","date_gmt":"2021-01-04T01:42:42","guid":{"rendered":"https:\/\/herbaodchudzanie.pl\/?post_type=product&#038;p=796"},"modified":"2025-07-17T23:43:20","modified_gmt":"2025-07-17T21:43:20","slug":"h24-rebuild-strength-produkt-proteinowy-o-smaku-czekoladowym","status":"publish","type":"product","link":"https:\/\/herbaodchudzanie.pl\/?product=h24-rebuild-strength-produkt-proteinowy-o-smaku-czekoladowym","title":{"rendered":"H24 Rebuild Strength Produkt proteinowy o smaku czekoladowym"},"content":{"rendered":"<p><strong>Regeneracyjny wysokobia\u0142kowy nap\u00f3j do stosowania po \u0107wiczeniach si\u0142owych.<\/strong><\/p>\n<p>Rebuild Strength to w\u0119glowodanowo-bia\u0142kowy nap\u00f3j regeneracyjny* po treningu, opracowany specjalnie dla sportowc\u00f3w uprawiaj\u0105cych dyscypliny si\u0142owe. Ten wyj\u0105tkowy nap\u00f3j sportowy, zawieraj\u0105cy dodatek L-glutaminy i aminokwas\u00f3w rozga\u0142\u0119zionych (BCAA), zawiera tak\u017ce specjalnie dobrane w\u0119glowodany, kt\u00f3re pomagaj\u0105 zregenerowa\u0107 si\u0119* po \u0107wiczeniach anaerobowych.<\/p>\n<p>Rebuild Strength zawiera wysokiej jako\u015bci bia\u0142ko serwatkowe i dostarcza 25 gram\u00f3w bia\u0142ka w porcji, co przyczynia si\u0119 do wzrostu i utrzymania masy mi\u0119\u015bniowej. Rebuild Strength zawiera r\u00f3wnie\u017c po\u0142\u0105czenie kluczowych mikroelement\u00f3w, w tym witaminy C i \u017celaza. \u017belazo pomaga w prawid\u0142owym metabolizmie energetycznym, prawid\u0142owym tworzeniu czerwonych krwinek i transporcie tlenu w organizmie.<\/p>\n<p>Wykorzystaj w pe\u0142ni swoje okno potreningowe dzi\u0119ki Rebuild Strength.<\/p>\n<p><i>*W\u0119glowodany przyczyniaj\u0105 si\u0119 do przywr\u00f3cenia prawid\u0142owego funkcjonowania mi\u0119\u015bni po bardzo intensywnym i d\u0142ugotrwa\u0142ym wysi\u0142ku fizycznym prowadz\u0105cym do ich zm\u0119czenia i wyczerpania zapas\u00f3w glikogenu w mi\u0119\u015bniach szkieletowych. Korzystny efekt uzyskuje si\u0119 przy spo\u017cyciu w\u0119glowodan\u00f3w w \u0142\u0105cznej ilo\u015bci ze wszystkich \u017ar\u00f3de\u0142 wynosz\u0105cej 4 g na kg masy cia\u0142a, w porcjach w ci\u0105gu pierwszych 4 godzin \u2013 nie p\u00f3\u017aniej ni\u017c 6 godzin po bardzo intensywnym i\/lub d\u0142ugotrwa\u0142ym wysi\u0142ku fizycznym prowadz\u0105cym do zm\u0119czenia mi\u0119\u015bni i wyczerpania zapas\u00f3w glikogenu w mi\u0119\u015bniach szkieletowych.<\/i><\/p>\n<h5 data-bind=\"visible: KeyBenefits\">Kluczowe zalety<\/h5>\n<div class=\"disc\" data-bind=\"visible: KeyBenefits, html: KeyBenefits\">\n<ul>\n<li>Dostarcza 25 g bia\u0142ka w porcji<\/li>\n<li>Zawiera wysokiej jako\u015bci bia\u0142ko serwatkowe<\/li>\n<li>Dostarcza 6,3 mg \u017celaza w porcji<\/li>\n<li>Ma wysok\u0105 zawarto\u015b\u0107 witaminy C<\/li>\n<li>Zawiera L-glutamin\u0119 i aminokwasy rozga\u0142\u0119zione (BCAA)<\/li>\n<li>Posiada certyfikat Informed Sports*<\/li>\n<li>Zawiera 20 porcji<\/li>\n<\/ul>\n<p><i>*Testowany pod k\u0105tem substancji zakazanych. Program gwarancji jako\u015bci Informed-Sport za\u015bwiadcza, \u017ce pr\u00f3bka partii, z kt\u00f3rej powsta\u0142 ten produkt, zosta\u0142a przebadana przez \u015bwiatowej klasy laboratorium antydopingowe LGC. Stwierdzono, \u017ce nie zawiera substancji zakazanych.<\/i><\/p>\n<\/div>\n<h5 data-bind=\"visible: Usage\">Stosowanie<\/h5>\n<div class=\"disc\" data-bind=\"visible: Usage, html: Usage\">\n<p>Delikatnie wstrz\u0105\u015bnij pojemnikiem przed ka\u017cdym u\u017cyciem, poniewa\u017c zawarto\u015b\u0107 mo\u017ce osadza\u0107 si\u0119 na dnie. 5 p\u0142askich miarek (50 g) dodaj do 250 ml wody, energicznie wstrz\u0105\u015bnij. Spo\u017cyj w ci\u0105gu 30 minut po aktywno\u015bci anaerobowej.<\/p>\n<p>Stosuj ten produkt jako element zbilansowanej i zr\u00f3\u017cnicowanej diety w ramach zdrowego, aktywnego stylu \u017cycia.<\/p>\n<p>Przechowuj w zamkni\u0119tym opakowaniu, w ch\u0142odnym i suchym miejscu.<\/p>\n<\/div>\n<p><strong>Sk\u0142ad:<\/strong><\/p>\n<p><strong>Rebuild Strenght:<\/strong><\/p>\n<p>https:\/\/productinfo.herbalife.com\/productlabels\/labels-pl_PL.html<\/p>\n","protected":false},"excerpt":{"rendered":"<p>Regeneracyjny wysokobia\u0142kowy nap\u00f3j do stosowania po \u0107wiczeniach si\u0142owych. Rebuild Strength to w\u0119glowodanowo-bia\u0142kowy nap\u00f3j regeneracyjny* po treningu, opracowany specjalnie dla sportowc\u00f3w uprawiaj\u0105cych dyscypliny si\u0142owe. Ten wyj\u0105tkowy nap\u00f3j sportowy, zawieraj\u0105cy dodatek L-glutaminy i aminokwas\u00f3w rozga\u0142\u0119zionych (BCAA), zawiera tak\u017ce specjalnie dobrane w\u0119glowodany, kt\u00f3re pomagaj\u0105 zregenerowa\u0107 si\u0119* po \u0107wiczeniach anaerobowych. Rebuild Strength zawiera wysokiej jako\u015bci bia\u0142ko serwatkowe i dostarcza&hellip;&nbsp;<a href=\"https:\/\/herbaodchudzanie.pl\/?product=h24-rebuild-strength-produkt-proteinowy-o-smaku-czekoladowym\" rel=\"bookmark\">Dowiedz si\u0119 wi\u0119cej &raquo;<span class=\"screen-reader-text\">H24 Rebuild Strength Produkt proteinowy o smaku czekoladowym<\/span><\/a><\/p>\n","protected":false},"featured_media":18742,"comment_status":"open","ping_status":"closed","template":"","meta":{"_acf_changed":false,"om_disable_all_campaigns":false,"_uf_show_specific_survey":0,"_uf_disable_surveys":false,"neve_meta_sidebar":"","neve_meta_container":"","neve_meta_enable_content_width":"off","neve_meta_content_width":70,"neve_meta_title_alignment":"","neve_meta_author_avatar":"","neve_post_elements_order":"","neve_meta_disable_header":"","neve_meta_disable_footer":"","neve_meta_disable_title":"","_ti_tpc_template_sync":false,"_ti_tpc_template_id":""},"product_cat":[37],"product_tag":[],"class_list":{"0":"post-796","1":"product","2":"type-product","3":"status-publish","4":"has-post-thumbnail","6":"product_cat-herbalife24","8":"first","9":"instock","10":"shipping-taxable","11":"purchasable","12":"product-type-simple"},"acf":[],"_links":{"self":[{"href":"https:\/\/herbaodchudzanie.pl\/index.php?rest_route=\/wp\/v2\/product\/796"}],"collection":[{"href":"https:\/\/herbaodchudzanie.pl\/index.php?rest_route=\/wp\/v2\/product"}],"about":[{"href":"https:\/\/herbaodchudzanie.pl\/index.php?rest_route=\/wp\/v2\/types\/product"}],"replies":[{"embeddable":true,"href":"https:\/\/herbaodchudzanie.pl\/index.php?rest_route=%2Fwp%2Fv2%2Fcomments&post=796"}],"wp:featuredmedia":[{"embeddable":true,"href":"https:\/\/herbaodchudzanie.pl\/index.php?rest_route=\/wp\/v2\/media\/18742"}],"wp:attachment":[{"href":"https:\/\/herbaodchudzanie.pl\/index.php?rest_route=%2Fwp%2Fv2%2Fmedia&parent=796"}],"wp:term":[{"taxonomy":"product_cat","embeddable":true,"href":"https:\/\/herbaodchudzanie.pl\/index.php?rest_route=%2Fwp%2Fv2%2Fproduct_cat&post=796"},{"taxonomy":"product_tag","embeddable":true,"href":"https:\/\/herbaodchudzanie.pl\/index.php?rest_route=%2Fwp%2Fv2%2Fproduct_tag&post=796"}],"curies":[{"name":"wp","href":"https:\/\/api.w.org\/{rel}","templated":true}]}}